{"id":35,"date":"2020-02-11T11:25:29","date_gmt":"2020-02-11T10:25:29","guid":{"rendered":"http:\/\/localhost\/hauptwache\/?page_id=35"},"modified":"2020-03-21T14:17:53","modified_gmt":"2020-03-21T13:17:53","slug":"verein","status":"publish","type":"page","link":"https:\/\/www.ffpassau.de\/hauptwache\/verein\/","title":{"rendered":"Verein"},"content":{"rendered":"<div id=\"pl-35\"  class=\"panel-layout\" ><div id=\"pg-35-0\"  class=\"panel-grid panel-no-style\" ><div id=\"pgc-35-0-0\"  class=\"panel-grid-cell panel-grid-cell-mobile-last\" ><div id=\"panel-35-0-0-0\" class=\"so-panel widget widget_sow-editor panel-first-child panel-last-child\" data-index=\"0\" ><div\n\t\t\t\n\t\t\tclass=\"so-widget-sow-editor so-widget-sow-editor-base\"\n\t\t\t\n\t\t>\n<div class=\"siteorigin-widget-tinymce textwidget\">\n\t<h3>Feuerwehr Passau - L\u00f6schzug Hauptwache e.V.<\/h3>\n<div class=\"page\" title=\"Page 1\">\n<div class=\"layoutArea\">\n<div class=\"column\">\n<p>Zweck des Vereins ist in erster Linie das Vereinsgesch\u00e4ft zu f\u00fchren, im Vereinsleben zu verfahren und die F\u00f6rderung des L\u00f6schzugs Hauptwache der Freiwilligen Feuerwehr Passau. Dies wird insbesondere verwirklicht durch die Stellung des Einsatzpersonals und die Aufkl\u00e4rung der Bev\u00f6lkerung \u00fcber Brand- und Unfallgefahren und Brandschutzproblemen.<\/p>\n<blockquote>\n<p><em><strong>\"M\u00fcde macht uns die Arbeit, die wir liegen lassen, nicht die, die wir tun.\"<\/strong><\/em><\/p>\n<\/blockquote>\n<p style=\"text-align: right;\">Marie von Ebner-Eschenbach<\/p>\n<\/div>\n<\/div>\n<\/div>\n<\/div>\n<\/div><\/div><\/div><div id=\"pgc-35-0-1\"  class=\"panel-grid-cell panel-grid-cell-empty\" ><\/div><\/div><div id=\"pg-35-1\"  class=\"panel-grid panel-has-style\" ><div class=\"inverted padded streched panel-row-style panel-row-style-for-35-1\" ><div id=\"pgc-35-1-0\"  class=\"panel-grid-cell\" ><div id=\"panel-35-1-0-0\" class=\"widget_text so-panel widget widget_custom_html panel-first-child panel-last-child\" data-index=\"1\" ><div class=\"textwidget custom-html-widget\">\n\n<div class=\"members-wrapper\">\n\n\t\t<div class=\"members-item\">\n\t\t\t<div class=\"members-item__wrapper\">\n\t\t\t\t<div class=\"members-item__top\">\n\t\t\t\t\t<div class=\"members-item__image\">\n\t\t\t\t\t\t\t\t\t\t<div class=\"members-item__image--inner members-item__image--member\" style=\"background-image: url('https:\/\/www.ffpassau.de\/hauptwache\/wp-content\/uploads\/sites\/4\/2024\/08\/Fasching_Manfred_Vors_HFW-scaled.jpg');\"><\/div>\t\n\t\t\t\t\t\t\t\t\t\t<\/div>\n\n\n\t\t\t\t\t\t\t\t\t\t<div class=\"members-item__meta\">\n\t\t\t\t\t\tVorsitzender\t\t\t\t\t<\/div>\n\t\t\t\t\t\t\n\t\t\t\t\t<div class=\"members-item__header\">\n\t\t\t\t\t\tManfred Fasching\t\t\t\t\t<\/div>\n\t\t\t\t\t\t\t\t\t\t\t\t\t\t\n\t\t\t\t\t\t\t\t\t\t<div class=\"members-item__content\">\n\t\t\t\t\t\t<p>Feuerwehr Passau<\/p>\n<p>L\u00f6schzug Hauptwache e.V.<\/p>\n\t\t\t\t\t<\/div>\n\t\t\t\t\t\n\t\t\t\t\t\t\t\t\t\t\t\t\t\t\t<div class=\"members-item__email\">\n\t\t\t\t\t<span class=\"lnr lnr-envelope\"><\/span> <a href=\"mailto:manfred.fasching@feuerwehr-passau.de\" target=\"_blank\">manfred.fasching@feuerwehr-passau.de<\/a>\n\t\t\t\t\t<\/div>\n\t\t\t\t\t\n\t\t\t\t<\/div>\n\t\t\t<\/div>\n\t\t<\/div>\n\n\t\t\t\t<div class=\"members-item\">\n\t\t\t<div class=\"members-item__wrapper\">\n\t\t\t\t<div class=\"members-item__top\">\n\t\t\t\t\t<div class=\"members-item__image\">\n\t\t\t\t\t\t\t\t\t\t<div class=\"members-item__image--inner members-item__image--member\" style=\"background-image: url('https:\/\/www.ffpassau.de\/hauptwache\/wp-content\/uploads\/sites\/4\/2025\/05\/SCHNEIDER_Lisa_StellvVorsFFPLZHWeV-4.jpg');\"><\/div>\t\n\t\t\t\t\t\t\t\t\t\t<\/div>\n\n\n\t\t\t\t\t\t\t\t\t\t<div class=\"members-item__meta\">\n\t\t\t\t\t\tStellvertretende Vorsitzende\t\t\t\t\t<\/div>\n\t\t\t\t\t\t\n\t\t\t\t\t<div class=\"members-item__header\">\n\t\t\t\t\t\tLisa Schneider\t\t\t\t\t<\/div>\n\t\t\t\t\t\t\t\t\t\t\t\t\t\t\n\t\t\t\t\t\t\t\t\t\t<div class=\"members-item__content\">\n\t\t\t\t\t\t<p>Feuerwehr Passau<\/p>\n<p>L\u00f6schzug Hauptwache e.V.<\/p>\n\t\t\t\t\t<\/div>\n\t\t\t\t\t\n\t\t\t\t\t\t\t\t\t\t\t\t\t\t\t<div class=\"members-item__email\">\n\t\t\t\t\t<span class=\"lnr lnr-envelope\"><\/span> <a href=\"mailto:lisa.schneider@feuerwehr-passau.de\" target=\"_blank\">lisa.schneider@feuerwehr-passau.de<\/a>\n\t\t\t\t\t<\/div>\n\t\t\t\t\t\n\t\t\t\t<\/div>\n\t\t\t<\/div>\n\t\t<\/div>\n\n\t\t\t\t<div class=\"members-item\">\n\t\t\t<div class=\"members-item__wrapper\">\n\t\t\t\t<div class=\"members-item__top\">\n\t\t\t\t\t<div class=\"members-item__image\">\n\t\t\t\t\t\t\t\t\t\t<div class=\"members-item__image--inner members-item__image--member\" style=\"background-image: url('https:\/\/www.ffpassau.de\/hauptwache\/wp-content\/uploads\/sites\/4\/2022\/09\/Weidinger_Simon_1-e1728501925498.jpg');\"><\/div>\t\n\t\t\t\t\t\t\t\t\t\t<\/div>\n\n\n\t\t\t\t\t\t\t\t\t\t<div class=\"members-item__meta\">\n\t\t\t\t\t\tKassenwart\t\t\t\t\t<\/div>\n\t\t\t\t\t\t\n\t\t\t\t\t<div class=\"members-item__header\">\n\t\t\t\t\t\tSimon Weidinger\t\t\t\t\t<\/div>\n\t\t\t\t\t\t\t\t\t\t\t\t\t\t\n\t\t\t\t\t\t\t\t\t\t<div class=\"members-item__content\">\n\t\t\t\t\t\t<p>Feuerwehr Passau<\/p>\n<p>L\u00f6schzug Hauptwache e.V.<\/p>\n\t\t\t\t\t<\/div>\n\t\t\t\t\t\n\t\t\t\t\t\t\t\t\t\t\t\t\t\t\t<div class=\"members-item__email\">\n\t\t\t\t\t<span class=\"lnr lnr-envelope\"><\/span> <a href=\"mailto:kasse.hfw@feuerwehr-passau.de\" target=\"_blank\">kasse.hfw@feuerwehr-passau.de<\/a>\n\t\t\t\t\t<\/div>\n\t\t\t\t\t\n\t\t\t\t<\/div>\n\t\t\t<\/div>\n\t\t<\/div>\n\n\t\t\t\t<div class=\"members-item\">\n\t\t\t<div class=\"members-item__wrapper\">\n\t\t\t\t<div class=\"members-item__top\">\n\t\t\t\t\t<div class=\"members-item__image\">\n\t\t\t\t\t\t\t\t\t\t<div class=\"members-item__image--inner members-item__image--member\" style=\"background-image: url('https:\/\/www.ffpassau.de\/hauptwache\/wp-content\/uploads\/sites\/4\/2026\/04\/STIGGER_BENEDIKT_1.jpg');\"><\/div>\t\n\t\t\t\t\t\t\t\t\t\t<\/div>\n\n\n\t\t\t\t\t\t\t\t\t\t<div class=\"members-item__meta\">\n\t\t\t\t\t\tSchriftf\u00fchrer\t\t\t\t\t<\/div>\n\t\t\t\t\t\t\n\t\t\t\t\t<div class=\"members-item__header\">\n\t\t\t\t\t\tBenedikt Stigger\t\t\t\t\t<\/div>\n\t\t\t\t\t\t\t\t\t\t\t\t\t\t\n\t\t\t\t\t\t\t\t\t\t<div class=\"members-item__content\">\n\t\t\t\t\t\t<p>Feuerwehr Passau<\/p>\n<p>L\u00f6schzug Hauptwache e.V.<\/p>\n\t\t\t\t\t<\/div>\n\t\t\t\t\t\n\t\t\t\t\t\t\t\t\t\t\t\t\t\t\t<div class=\"members-item__email\">\n\t\t\t\t\t<span class=\"lnr lnr-envelope\"><\/span> <a href=\"mailto:verwaltung.hfw@feuerwehr-passau.de\" target=\"_blank\">verwaltung.hfw@feuerwehr-passau.de<\/a>\n\t\t\t\t\t<\/div>\n\t\t\t\t\t\n\t\t\t\t<\/div>\n\t\t\t<\/div>\n\t\t<\/div>\n\n\t\t\t\t<div class=\"members-item\">\n\t\t\t<div class=\"members-item__wrapper\">\n\t\t\t\t<div class=\"members-item__top\">\n\t\t\t\t\t<div class=\"members-item__image\">\n\t\t\t\t\t\t\t\t\t\t<div class=\"members-item__image--inner members-item__image--member\" style=\"background-image: url('https:\/\/www.ffpassau.de\/hauptwache\/wp-content\/uploads\/sites\/4\/2022\/09\/Gleixner_Tobias_1-e1728500410514.jpg');\"><\/div>\t\n\t\t\t\t\t\t\t\t\t\t<\/div>\n\n\n\t\t\t\t\t\t\t\t\t\t<div class=\"members-item__meta\">\n\t\t\t\t\t\tZugf\u00fchrer L\u00f6schzug Hauptwache\t\t\t\t\t<\/div>\n\t\t\t\t\t\t\n\t\t\t\t\t<div class=\"members-item__header\">\n\t\t\t\t\t\tTobias Gleixner\t\t\t\t\t<\/div>\n\t\t\t\t\t\t\t\t\t\t\t\t\t\t\n\t\t\t\t\t\t\t\t\t\t<div class=\"members-item__content\">\n\t\t\t\t\t\t<p>Feuerwehr Passau<\/p>\n<p>L\u00f6schzug Hauptwache e.V.<\/p>\n\t\t\t\t\t<\/div>\n\t\t\t\t\t\n\t\t\t\t\t\t\t\t\t\t\t\t\t\t\t<div class=\"members-item__email\">\n\t\t\t\t\t<span class=\"lnr lnr-envelope\"><\/span> <a href=\"mailto:tobias.gleixner@feuerwehr-passau.de\" target=\"_blank\">tobias.gleixner@feuerwehr-passau.de<\/a>\n\t\t\t\t\t<\/div>\n\t\t\t\t\t\n\t\t\t\t<\/div>\n\t\t\t<\/div>\n\t\t<\/div>\n\n\t\t\t\t<div class=\"members-item\">\n\t\t\t<div class=\"members-item__wrapper\">\n\t\t\t\t<div class=\"members-item__top\">\n\t\t\t\t\t<div class=\"members-item__image\">\n\t\t\t\t\t\t\t\t\t\t<div class=\"members-item__image--inner members-item__image--member\" style=\"background-image: url('https:\/\/www.ffpassau.de\/hauptwache\/wp-content\/uploads\/sites\/4\/2022\/09\/Freudenstein_Stefan_1-e1728500562105.jpg');\"><\/div>\t\n\t\t\t\t\t\t\t\t\t\t<\/div>\n\n\n\t\t\t\t\t\t\t\t\t\t<div class=\"members-item__meta\">\n\t\t\t\t\t\t1. Stellvertretender Zugf\u00fchrer L\u00f6schzug Hauptwache\t\t\t\t\t<\/div>\n\t\t\t\t\t\t\n\t\t\t\t\t<div class=\"members-item__header\">\n\t\t\t\t\t\tStefan Freudenstein\t\t\t\t\t<\/div>\n\t\t\t\t\t\t\t\t\t\t\t\t\t\t\n\t\t\t\t\t\t\t\t\t\t<div class=\"members-item__content\">\n\t\t\t\t\t\t<p>Feuerwehr Passau<\/p>\n<p>L\u00f6schzug Hauptwache e.V.<\/p>\n\t\t\t\t\t<\/div>\n\t\t\t\t\t\n\t\t\t\t\t\t\t\t\t\t\t\t\t\t\t<div class=\"members-item__email\">\n\t\t\t\t\t<span class=\"lnr lnr-envelope\"><\/span> <a href=\"mailto:stefan.freudenstein@feuerwehr-passau.de\" target=\"_blank\">stefan.freudenstein@feuerwehr-passau.de<\/a>\n\t\t\t\t\t<\/div>\n\t\t\t\t\t\n\t\t\t\t<\/div>\n\t\t\t<\/div>\n\t\t<\/div>\n\n\t\t\t\t<div class=\"members-item\">\n\t\t\t<div class=\"members-item__wrapper\">\n\t\t\t\t<div class=\"members-item__top\">\n\t\t\t\t\t<div class=\"members-item__image\">\n\t\t\t\t\t\t\t\t\t\t<div class=\"members-item__image--inner members-item__image--member\" style=\"background-image: url('https:\/\/www.ffpassau.de\/hauptwache\/wp-content\/uploads\/sites\/4\/2022\/09\/Kornexl_Markus_2-e1728500087846.jpg');\"><\/div>\t\n\t\t\t\t\t\t\t\t\t\t<\/div>\n\n\n\t\t\t\t\t\t\t\t\t\t<div class=\"members-item__meta\">\n\t\t\t\t\t\t2. Stellvertretender Zugf\u00fchrer L\u00f6schzug Hauptwache\t\t\t\t\t<\/div>\n\t\t\t\t\t\t\n\t\t\t\t\t<div class=\"members-item__header\">\n\t\t\t\t\t\tMarkus Kornexl\t\t\t\t\t<\/div>\n\t\t\t\t\t\t\t\t\t\t\t\t\t\t\n\t\t\t\t\t\t\t\t\t\t<div class=\"members-item__content\">\n\t\t\t\t\t\t<p>Feuerwehr Passau<\/p>\n<p>L\u00f6schzug Hauptwache e.V.<\/p>\n\t\t\t\t\t<\/div>\n\t\t\t\t\t\n\t\t\t\t\t\t\t\t\t\t\t\t\t\t\t<div class=\"members-item__email\">\n\t\t\t\t\t<span class=\"lnr lnr-envelope\"><\/span> <a href=\"mailto:markus.kornexl@feuerwehr-passau.de\" target=\"_blank\">markus.kornexl@feuerwehr-passau.de<\/a>\n\t\t\t\t\t<\/div>\n\t\t\t\t\t\n\t\t\t\t<\/div>\n\t\t\t<\/div>\n\t\t<\/div>\n\n\t\t\t\t<div class=\"members-item\">\n\t\t\t<div class=\"members-item__wrapper\">\n\t\t\t\t<div class=\"members-item__top\">\n\t\t\t\t\t<div class=\"members-item__image\">\n\t\t\t\t\t\t\t\t\t\t<div class=\"members-item__image--inner members-item__image--member\" style=\"background-image: url('https:\/\/www.ffpassau.de\/hauptwache\/wp-content\/uploads\/sites\/4\/2022\/09\/Speckner_Nadine_2-e1728501841392.jpg');\"><\/div>\t\n\t\t\t\t\t\t\t\t\t\t<\/div>\n\n\n\t\t\t\t\t\t\t\t\t\t<div class=\"members-item__meta\">\n\t\t\t\t\t\tVertrauensfrau | Beisitzerin\t\t\t\t\t<\/div>\n\t\t\t\t\t\t\n\t\t\t\t\t<div class=\"members-item__header\">\n\t\t\t\t\t\tNadine Schlarb\t\t\t\t\t<\/div>\n\t\t\t\t\t\t\t\t\t\t\t\t\t\t\n\t\t\t\t\t\t\t\t\t\t<div class=\"members-item__content\">\n\t\t\t\t\t\t<p>Feuerwehr Passau<\/p>\n<p>L\u00f6schzug Hauptwache e.V.<\/p>\n\t\t\t\t\t<\/div>\n\t\t\t\t\t\n\t\t\t\t\t\t\t\t\t\t\t\t\t\t\t<div class=\"members-item__email\">\n\t\t\t\t\t<span class=\"lnr lnr-envelope\"><\/span> <a href=\"mailto:nadine.schlarb@feuerwehr-passau.de\" target=\"_blank\">nadine.schlarb@feuerwehr-passau.de<\/a>\n\t\t\t\t\t<\/div>\n\t\t\t\t\t\n\t\t\t\t<\/div>\n\t\t\t<\/div>\n\t\t<\/div>\n\n\t\t\t\t<div class=\"members-item\">\n\t\t\t<div class=\"members-item__wrapper\">\n\t\t\t\t<div class=\"members-item__top\">\n\t\t\t\t\t<div class=\"members-item__image\">\n\t\t\t\t\t\t\t\t\t\t<div class=\"members-item__image--inner members-item__image--member\" style=\"background-image: url('https:\/\/www.ffpassau.de\/hauptwache\/wp-content\/uploads\/sites\/4\/2022\/09\/Eichlseder_Andreas_1-e1728500902339.jpg');\"><\/div>\t\n\t\t\t\t\t\t\t\t\t\t<\/div>\n\n\n\t\t\t\t\t\t\t\t\t\t<div class=\"members-item__meta\">\n\t\t\t\t\t\tVertrauensmann |\u00a0Beisitzer\t\t\t\t\t<\/div>\n\t\t\t\t\t\t\n\t\t\t\t\t<div class=\"members-item__header\">\n\t\t\t\t\t\tAndreas Eichlseder\t\t\t\t\t<\/div>\n\t\t\t\t\t\t\t\t\t\t\t\t\t\t\n\t\t\t\t\t\t\t\t\t\t<div class=\"members-item__content\">\n\t\t\t\t\t\t<p>Feuerwehr Passau<\/p>\n<p>L\u00f6schzug Hauptwache e.V.<\/p>\n\t\t\t\t\t<\/div>\n\t\t\t\t\t\n\t\t\t\t\t\t\t\t\t\t\n\t\t\t\t<\/div>\n\t\t\t<\/div>\n\t\t<\/div>\n\n\t\t\t\t<div class=\"members-item\">\n\t\t\t<div class=\"members-item__wrapper\">\n\t\t\t\t<div class=\"members-item__top\">\n\t\t\t\t\t<div class=\"members-item__image\">\n\t\t\t\t\t\t\t\t\t\t<div class=\"members-item__image--inner members-item__image--member\" style=\"background-image: url('https:\/\/www.ffpassau.de\/hauptwache\/wp-content\/uploads\/sites\/4\/2022\/09\/Schlarb_Maximilian_1-e1728500590285.jpg');\"><\/div>\t\n\t\t\t\t\t\t\t\t\t\t<\/div>\n\n\n\t\t\t\t\t\t\t\t\t\t<div class=\"members-item__meta\">\n\t\t\t\t\t\tJugendwart L\u00f6schzug Hauptwache\t\t\t\t\t<\/div>\n\t\t\t\t\t\t\n\t\t\t\t\t<div class=\"members-item__header\">\n\t\t\t\t\t\tMaximilian Schlarb\t\t\t\t\t<\/div>\n\t\t\t\t\t\t\t\t\t\t\t\t\t\t\n\t\t\t\t\t\t\t\t\t\t<div class=\"members-item__content\">\n\t\t\t\t\t\t<p>Feuerwehr Passau<\/p>\n<p>L\u00f6schzug Hauptwache e.V.<\/p>\n\t\t\t\t\t<\/div>\n\t\t\t\t\t\n\t\t\t\t\t\t\t\t\t\t\t\t\t\t\t<div class=\"members-item__email\">\n\t\t\t\t\t<span class=\"lnr lnr-envelope\"><\/span> <a href=\"mailto:maximilian.schlarb@feuerwehr-passau.de\" target=\"_blank\">maximilian.schlarb@feuerwehr-passau.de<\/a>\n\t\t\t\t\t<\/div>\n\t\t\t\t\t\n\t\t\t\t<\/div>\n\t\t\t<\/div>\n\t\t<\/div>\n\n\t\t\t\t<div class=\"members-item\">\n\t\t\t<div class=\"members-item__wrapper\">\n\t\t\t\t<div class=\"members-item__top\">\n\t\t\t\t\t<div class=\"members-item__image\">\n\t\t\t\t\t\t\t\t\t\t<div class=\"members-item__image--inner members-item__image--member\" style=\"background-image: url('https:\/\/www.ffpassau.de\/hauptwache\/wp-content\/uploads\/sites\/4\/2022\/09\/Herting_Jasper_1-1-e1728501252833.jpg');\"><\/div>\t\n\t\t\t\t\t\t\t\t\t\t<\/div>\n\n\n\t\t\t\t\t\t\t\t\t\t<div class=\"members-item__meta\">\n\t\t\t\t\t\tstellv. Jugendwart L\u00f6schzug Hauptwache\t\t\t\t\t<\/div>\n\t\t\t\t\t\t\n\t\t\t\t\t<div class=\"members-item__header\">\n\t\t\t\t\t\tJasper Herting\t\t\t\t\t<\/div>\n\t\t\t\t\t\t\t\t\t\t\t\t\t\t\n\t\t\t\t\t\t\t\t\t\t<div class=\"members-item__content\">\n\t\t\t\t\t\t<p>Feuerwehr Passau<\/p>\n<p>L\u00f6schzug Hauptwache e.V.<\/p>\n\t\t\t\t\t<\/div>\n\t\t\t\t\t\n\t\t\t\t\t\t\t\t\t\t\t\t\t\t\t<div class=\"members-item__email\">\n\t\t\t\t\t<span class=\"lnr lnr-envelope\"><\/span> <a href=\"mailto:jasper.herting@feuerwehr-passau.de\" target=\"_blank\">jasper.herting@feuerwehr-passau.de<\/a>\n\t\t\t\t\t<\/div>\n\t\t\t\t\t\n\t\t\t\t<\/div>\n\t\t\t<\/div>\n\t\t<\/div>\n\n\t\t\t\t<div class=\"members-item\">\n\t\t\t<div class=\"members-item__wrapper\">\n\t\t\t\t<div class=\"members-item__top\">\n\t\t\t\t\t<div class=\"members-item__image\">\n\t\t\t\t\t\t\t\t\t\t<div class=\"members-item__image--inner members-item__image--member\" style=\"background-image: url('https:\/\/www.ffpassau.de\/hauptwache\/wp-content\/uploads\/sites\/4\/2024\/08\/4A9A9115-2-scaled.jpg');\"><\/div>\t\n\t\t\t\t\t\t\t\t\t\t<\/div>\n\n\n\t\t\t\t\t\t\t\t\t\t<div class=\"members-item__meta\">\n\t\t\t\t\t\tBeauftragter f\u00fcr Passive und Ehemalige\t\t\t\t\t<\/div>\n\t\t\t\t\t\t\n\t\t\t\t\t<div class=\"members-item__header\">\n\t\t\t\t\t\tLudwig Kapfhammer\t\t\t\t\t<\/div>\n\t\t\t\t\t\t\t\t\t\t\t\t\t\t\n\t\t\t\t\t\t\t\t\t\t<div class=\"members-item__content\">\n\t\t\t\t\t\t<p>Feuerwehr Passau<\/p>\n<p>L\u00f6schzug Hauptwache e.V.<\/p>\n\t\t\t\t\t<\/div>\n\t\t\t\t\t\n\t\t\t\t\t\t\t\t\t\t\t\t\t\t\t<div class=\"members-item__email\">\n\t\t\t\t\t<span class=\"lnr lnr-envelope\"><\/span> <a href=\"mailto:ludwig.kapfhammer@feuerwehr-passau.de\" target=\"_blank\">ludwig.kapfhammer@feuerwehr-passau.de<\/a>\n\t\t\t\t\t<\/div>\n\t\t\t\t\t\n\t\t\t\t<\/div>\n\t\t\t<\/div>\n\t\t<\/div>\n\n\t\t\t\t<\/div>\n\n\n<\/div><\/div><\/div><\/div><\/div><\/div>","protected":false},"excerpt":{"rendered":"<p>Feuerwehr Passau &#8211; L\u00f6schzug Hauptwache e.V. Zweck des Vereins ist in erster Linie das Vereinsgesch\u00e4ft zu f\u00fchren, im Vereinsleben zu verfahren und die F\u00f6rderung des L\u00f6schzugs Hauptwache der Freiwilligen Feuerwehr Passau. Dies wird insbesondere verwirklicht durch die Stellung des Einsatzpersonals und die Aufkl\u00e4rung der Bev\u00f6lkerung \u00fcber Brand- und Unfallgefahren und Brandschutzproblemen. &#8222;M\u00fcde macht uns die Arbeit, die wir liegen lassen, nicht die, die wir tun.&#8220; Marie von Ebner-Eschenbach<\/p>\n","protected":false},"author":1,"featured_media":0,"parent":0,"menu_order":0,"comment_status":"closed","ping_status":"closed","template":"","meta":{"footnotes":""},"class_list":["post-35","page","type-page","status-publish","hentry"],"yoast_head":"<!-- This site is optimized with the Yoast SEO plugin v24.3 - https:\/\/yoast.com\/wordpress\/plugins\/seo\/ -->\n<title>Verein - Feuerwehr Passau - L\u00f6schzug Hauptwache<\/title>\n<meta name=\"robots\" content=\"index, follow, max-snippet:-1, max-image-preview:large, max-video-preview:-1\" \/>\n<link rel=\"canonical\" href=\"https:\/\/www.ffpassau.de\/hauptwache\/verein\/\" \/>\n<meta property=\"og:locale\" content=\"de_DE\" \/>\n<meta property=\"og:type\" content=\"article\" \/>\n<meta property=\"og:title\" content=\"Verein - Feuerwehr Passau - L\u00f6schzug Hauptwache\" \/>\n<meta property=\"og:description\" content=\"Feuerwehr Passau &#8211; L\u00f6schzug Hauptwache e.V. Zweck des Vereins ist in erster Linie das Vereinsgesch\u00e4ft zu f\u00fchren, im Vereinsleben zu verfahren und die F\u00f6rderung des L\u00f6schzugs Hauptwache der Freiwilligen Feuerwehr Passau. Dies wird insbesondere verwirklicht durch die Stellung des Einsatzpersonals und die Aufkl\u00e4rung der Bev\u00f6lkerung \u00fcber Brand- und Unfallgefahren und Brandschutzproblemen. &#8222;M\u00fcde macht uns die Arbeit, die wir liegen lassen, nicht die, die wir tun.&#8220; Marie von Ebner-Eschenbach\" \/>\n<meta property=\"og:url\" content=\"https:\/\/www.ffpassau.de\/hauptwache\/verein\/\" \/>\n<meta property=\"og:site_name\" content=\"Feuerwehr Passau - L\u00f6schzug Hauptwache\" \/>\n<meta property=\"article:modified_time\" content=\"2020-03-21T13:17:53+00:00\" \/>\n<meta name=\"twitter:card\" content=\"summary_large_image\" \/>\n<script type=\"application\/ld+json\" class=\"yoast-schema-graph\">{\"@context\":\"https:\/\/schema.org\",\"@graph\":[{\"@type\":\"WebPage\",\"@id\":\"https:\/\/www.ffpassau.de\/hauptwache\/verein\/\",\"url\":\"https:\/\/www.ffpassau.de\/hauptwache\/verein\/\",\"name\":\"Verein - Feuerwehr Passau - L\u00f6schzug Hauptwache\",\"isPartOf\":{\"@id\":\"https:\/\/www.ffpassau.de\/hauptwache\/#website\"},\"datePublished\":\"2020-02-11T10:25:29+00:00\",\"dateModified\":\"2020-03-21T13:17:53+00:00\",\"breadcrumb\":{\"@id\":\"https:\/\/www.ffpassau.de\/hauptwache\/verein\/#breadcrumb\"},\"inLanguage\":\"de\",\"potentialAction\":[{\"@type\":\"ReadAction\",\"target\":[\"https:\/\/www.ffpassau.de\/hauptwache\/verein\/\"]}]},{\"@type\":\"BreadcrumbList\",\"@id\":\"https:\/\/www.ffpassau.de\/hauptwache\/verein\/#breadcrumb\",\"itemListElement\":[{\"@type\":\"ListItem\",\"position\":1,\"name\":\"Startseite\",\"item\":\"https:\/\/www.ffpassau.de\/hauptwache\/\"},{\"@type\":\"ListItem\",\"position\":2,\"name\":\"Verein\"}]},{\"@type\":\"WebSite\",\"@id\":\"https:\/\/www.ffpassau.de\/hauptwache\/#website\",\"url\":\"https:\/\/www.ffpassau.de\/hauptwache\/\",\"name\":\"Feuerwehr Passau - L\u00f6schzug Hauptwache\",\"description\":\"\",\"publisher\":{\"@id\":\"https:\/\/www.ffpassau.de\/hauptwache\/#organization\"},\"potentialAction\":[{\"@type\":\"SearchAction\",\"target\":{\"@type\":\"EntryPoint\",\"urlTemplate\":\"https:\/\/www.ffpassau.de\/hauptwache\/?s={search_term_string}\"},\"query-input\":{\"@type\":\"PropertyValueSpecification\",\"valueRequired\":true,\"valueName\":\"search_term_string\"}}],\"inLanguage\":\"de\"},{\"@type\":\"Organization\",\"@id\":\"https:\/\/www.ffpassau.de\/hauptwache\/#organization\",\"name\":\"Feuerwehr Passau - L\u00f6schzug Hauptwache\",\"url\":\"https:\/\/www.ffpassau.de\/hauptwache\/\",\"logo\":{\"@type\":\"ImageObject\",\"inLanguage\":\"de\",\"@id\":\"https:\/\/www.ffpassau.de\/hauptwache\/#\/schema\/logo\/image\/\",\"url\":\"https:\/\/www.ffpassau.de\/hauptwache\/wp-content\/uploads\/sites\/4\/2020\/02\/lz_hauptwache_logo.svg\",\"contentUrl\":\"https:\/\/www.ffpassau.de\/hauptwache\/wp-content\/uploads\/sites\/4\/2020\/02\/lz_hauptwache_logo.svg\",\"width\":1,\"height\":1,\"caption\":\"Feuerwehr Passau - L\u00f6schzug Hauptwache\"},\"image\":{\"@id\":\"https:\/\/www.ffpassau.de\/hauptwache\/#\/schema\/logo\/image\/\"}}]}<\/script>\n<!-- \/ Yoast SEO plugin. -->","yoast_head_json":{"title":"Verein - Feuerwehr Passau - L\u00f6schzug Hauptwache","robots":{"index":"index","follow":"follow","max-snippet":"max-snippet:-1","max-image-preview":"max-image-preview:large","max-video-preview":"max-video-preview:-1"},"canonical":"https:\/\/www.ffpassau.de\/hauptwache\/verein\/","og_locale":"de_DE","og_type":"article","og_title":"Verein - Feuerwehr Passau - L\u00f6schzug Hauptwache","og_description":"Feuerwehr Passau &#8211; L\u00f6schzug Hauptwache e.V. Zweck des Vereins ist in erster Linie das Vereinsgesch\u00e4ft zu f\u00fchren, im Vereinsleben zu verfahren und die F\u00f6rderung des L\u00f6schzugs Hauptwache der Freiwilligen Feuerwehr Passau. Dies wird insbesondere verwirklicht durch die Stellung des Einsatzpersonals und die Aufkl\u00e4rung der Bev\u00f6lkerung \u00fcber Brand- und Unfallgefahren und Brandschutzproblemen. &#8222;M\u00fcde macht uns die Arbeit, die wir liegen lassen, nicht die, die wir tun.&#8220; Marie von Ebner-Eschenbach","og_url":"https:\/\/www.ffpassau.de\/hauptwache\/verein\/","og_site_name":"Feuerwehr Passau - L\u00f6schzug Hauptwache","article_modified_time":"2020-03-21T13:17:53+00:00","twitter_card":"summary_large_image","schema":{"@context":"https:\/\/schema.org","@graph":[{"@type":"WebPage","@id":"https:\/\/www.ffpassau.de\/hauptwache\/verein\/","url":"https:\/\/www.ffpassau.de\/hauptwache\/verein\/","name":"Verein - Feuerwehr Passau - L\u00f6schzug Hauptwache","isPartOf":{"@id":"https:\/\/www.ffpassau.de\/hauptwache\/#website"},"datePublished":"2020-02-11T10:25:29+00:00","dateModified":"2020-03-21T13:17:53+00:00","breadcrumb":{"@id":"https:\/\/www.ffpassau.de\/hauptwache\/verein\/#breadcrumb"},"inLanguage":"de","potentialAction":[{"@type":"ReadAction","target":["https:\/\/www.ffpassau.de\/hauptwache\/verein\/"]}]},{"@type":"BreadcrumbList","@id":"https:\/\/www.ffpassau.de\/hauptwache\/verein\/#breadcrumb","itemListElement":[{"@type":"ListItem","position":1,"name":"Startseite","item":"https:\/\/www.ffpassau.de\/hauptwache\/"},{"@type":"ListItem","position":2,"name":"Verein"}]},{"@type":"WebSite","@id":"https:\/\/www.ffpassau.de\/hauptwache\/#website","url":"https:\/\/www.ffpassau.de\/hauptwache\/","name":"Feuerwehr Passau - L\u00f6schzug Hauptwache","description":"","publisher":{"@id":"https:\/\/www.ffpassau.de\/hauptwache\/#organization"},"potentialAction":[{"@type":"SearchAction","target":{"@type":"EntryPoint","urlTemplate":"https:\/\/www.ffpassau.de\/hauptwache\/?s={search_term_string}"},"query-input":{"@type":"PropertyValueSpecification","valueRequired":true,"valueName":"search_term_string"}}],"inLanguage":"de"},{"@type":"Organization","@id":"https:\/\/www.ffpassau.de\/hauptwache\/#organization","name":"Feuerwehr Passau - L\u00f6schzug Hauptwache","url":"https:\/\/www.ffpassau.de\/hauptwache\/","logo":{"@type":"ImageObject","inLanguage":"de","@id":"https:\/\/www.ffpassau.de\/hauptwache\/#\/schema\/logo\/image\/","url":"https:\/\/www.ffpassau.de\/hauptwache\/wp-content\/uploads\/sites\/4\/2020\/02\/lz_hauptwache_logo.svg","contentUrl":"https:\/\/www.ffpassau.de\/hauptwache\/wp-content\/uploads\/sites\/4\/2020\/02\/lz_hauptwache_logo.svg","width":1,"height":1,"caption":"Feuerwehr Passau - L\u00f6schzug Hauptwache"},"image":{"@id":"https:\/\/www.ffpassau.de\/hauptwache\/#\/schema\/logo\/image\/"}}]}},"_links":{"self":[{"href":"https:\/\/www.ffpassau.de\/hauptwache\/wp-json\/wp\/v2\/pages\/35","targetHints":{"allow":["GET"]}}],"collection":[{"href":"https:\/\/www.ffpassau.de\/hauptwache\/wp-json\/wp\/v2\/pages"}],"about":[{"href":"https:\/\/www.ffpassau.de\/hauptwache\/wp-json\/wp\/v2\/types\/page"}],"author":[{"embeddable":true,"href":"https:\/\/www.ffpassau.de\/hauptwache\/wp-json\/wp\/v2\/users\/1"}],"replies":[{"embeddable":true,"href":"https:\/\/www.ffpassau.de\/hauptwache\/wp-json\/wp\/v2\/comments?post=35"}],"version-history":[{"count":19,"href":"https:\/\/www.ffpassau.de\/hauptwache\/wp-json\/wp\/v2\/pages\/35\/revisions"}],"predecessor-version":[{"id":480,"href":"https:\/\/www.ffpassau.de\/hauptwache\/wp-json\/wp\/v2\/pages\/35\/revisions\/480"}],"wp:attachment":[{"href":"https:\/\/www.ffpassau.de\/hauptwache\/wp-json\/wp\/v2\/media?parent=35"}],"curies":[{"name":"wp","href":"https:\/\/api.w.org\/{rel}","templated":true}]}}